{"id":2,"date":"2025-09-23T06:09:25","date_gmt":"2025-09-23T06:09:25","guid":{"rendered":"https:\/\/planetareflex.com\/maestros\/?page_id=2"},"modified":"2025-12-11T22:30:10","modified_gmt":"2025-12-12T04:30:10","slug":"conocimiento-maestros-ascendidos","status":"publish","type":"page","link":"https:\/\/planetareflex.com\/maestros\/conocimiento-maestros-ascendidos\/","title":{"rendered":"Maestros Ascendidos"},"content":{"rendered":"\n<h2 class=\"wp-block-heading\">Conocimiento Espiritual <\/h2>\n\n\n\n<p>M\u00e1s all\u00e1 del limitado mundo al que los hombres llaman realidad, hay infinitos mundos insospechados creados por El Padre. Algunos de esos mundos son mostrados y compartidos, explicados por los maestros ascendidos y por los protagonistas en estos relatos. Este es un viaje imaginario, espiritual e intelectual, m\u00e1s all\u00e1 de la actual realidad y de la costumbre humana. Lo teatral se mezcla con lo m\u00edstico para ser asimilado libremente; Un cap\u00edtulo o una frase puede llevar minutos o d\u00edas para un fant\u00e1stico an\u00e1lisis e integraci\u00f3n a tu Gran Yo Soy.<\/p>\n\n\n\n<hr class=\"wp-block-separator has-css-opacity\"\/>\n\n\n\n<h4 class=\"wp-block-heading\">La Gran Liberaci\u00f3n, una alquimia sagrada<\/h4>\n\n\n\n<h5 class=\"wp-block-heading\">Serie Los Siete Ni\u00f1os<\/h5>\n\n\n\n<ul class=\"wp-block-list\">\n<li><strong><a href=\"https:\/\/planetareflex.com\/internet\/1st_lesson\/atomo_1.pdf\" target=\"_blank\" rel=\"noreferrer noopener\">Tomo I<\/a> <\/strong>&#8211; el \u00faltimo regreso, los rostros del pasado, el camino a la iniciaci\u00f3n<br>&#8211;<\/li>\n\n\n\n<li><a href=\"https:\/\/planetareflex.com\/internet\/1st_lesson\/atomo_2.pdf\" target=\"_blank\" rel=\"noreferrer noopener\"><strong>Tomo II<\/strong><\/a> &#8211; viaje a la ciudad de los demonios, mitol\u00f3gicas, el retorno al planeta luminoso<br>&#8211;<\/li>\n\n\n\n<li><strong><a href=\"https:\/\/planetareflex.com\/internet\/1st_lesson\/atomo_3.pdf\" target=\"_blank\" rel=\"noreferrer noopener\">Tomo III<\/a><\/strong> &#8211; en busca del tiempo perdido, los tres anillos de la historia, nueve purificaciones<br>&#8211;<\/li>\n\n\n\n<li><strong><a href=\"https:\/\/planetareflex.com\/internet\/1st_lesson\/atomo_4.pdf\" target=\"_blank\" rel=\"noreferrer noopener\">Tomo IV<\/a><\/strong> &#8211; el retorno a la tierra del padre, el palacio en el desierto, el templo de Salom\u00f3n<br>&#8211;<\/li>\n\n\n\n<li><strong><a href=\"https:\/\/planetareflex.com\/internet\/1st_lesson\/atomo_5.pdf\" target=\"_blank\" rel=\"noreferrer noopener\">Tomo V<\/a><\/strong> &#8211; la ense\u00f1anza de Jes\u00fas, las siete c\u00e1maras alqu\u00edmicas, La Raz\u00f3n, una demonia sin corona<br>&#8211;<\/li>\n\n\n\n<li><strong><a href=\"https:\/\/planetareflex.com\/internet\/1st_lesson\/atomo_6.pdf\" target=\"_blank\" rel=\"noreferrer noopener\">Tomo VI<\/a><\/strong> &#8211; el planeta de la nada, el universo de las deidades, Buda, el camino de la iluminaci\u00f3n<br>&#8211;<\/li>\n\n\n\n<li><strong><a href=\"https:\/\/planetareflex.com\/internet\/1st_lesson\/atomo_7.pdf\" target=\"_blank\" rel=\"noreferrer noopener\">Tomo VII<\/a><\/strong> &#8211; la rebeli\u00f3n de los ni\u00f1os y el viaje revelador, los fieles amigos de la tierra, hacia el destino final<br>&#8211;<\/li>\n\n\n\n<li><strong><a href=\"https:\/\/planetareflex.com\/internet\/1st_lesson\/atomo_8.pdf\" target=\"_blank\" rel=\"noreferrer noopener\">Tomo VIII<\/a><\/strong> &#8211; octavo, noveno mes de gestaci\u00f3n y nacimiento. ep\u00edlogo.<\/li>\n<\/ul>\n\n\n\n<hr class=\"wp-block-separator has-css-opacity\"\/>\n\n\n\n<h4 class=\"wp-block-heading\">La vuelta del mundo a la armon\u00eda del Padre<\/h4>\n\n\n\n<h5 class=\"wp-block-heading\">Los Rishis<\/h5>\n\n\n\n<ul class=\"wp-block-list\">\n<li><strong><a href=\"https:\/\/planetareflex.com\/internet\/add_up3\/rishis_tomo_1.pdf\" target=\"_blank\" rel=\"noreferrer noopener\">Tomo I<\/a><\/strong> &#8211; Las v\u00edsperas, la fiesta y el comienzo del final<br>&#8211;<\/li>\n\n\n\n<li><strong><a href=\"https:\/\/planetareflex.com\/internet\/add_up3\/rishis_tomo_2.pdf\" target=\"_blank\" rel=\"noreferrer noopener\">Tomo II<\/a><\/strong> &#8211; La tenue gar\u00faa de la esperanza<br>&#8211;<\/li>\n\n\n\n<li><strong><a href=\"https:\/\/planetareflex.com\/internet\/add_up3\/rishis_tomo_3.pdf\" target=\"_blank\" rel=\"noreferrer noopener\">Tomo III<\/a><\/strong> &#8211; Atr\u00e1s del velo, se esconden los muertos<br>&#8211;<\/li>\n\n\n\n<li><strong><a href=\"https:\/\/planetareflex.com\/internet\/add_up3\/rishis_tomo_4.pdf\" target=\"_blank\" rel=\"noreferrer noopener\">Tomo IV<\/a><\/strong> &#8211; La guerra empieza al acercarse al enemigo<br>&#8211;<\/li>\n\n\n\n<li><strong><a href=\"https:\/\/planetareflex.com\/internet\/add_up3\/rishis_tomo_5.pdf\" target=\"_blank\" rel=\"noreferrer noopener\">Tomo V<\/a><\/strong> &#8211; Transformando el silencio en palabras para escuchar el silencio<br>&#8211;<\/li>\n\n\n\n<li><strong><a href=\"https:\/\/planetareflex.com\/internet\/add_up3\/rishis_tomo_6.pdf\" target=\"_blank\" rel=\"noreferrer noopener\">Tomo VI<\/a><\/strong> &#8211; Transferencia de conciencia, Kurukshetra<br>&#8211;<\/li>\n\n\n\n<li><strong><a href=\"https:\/\/planetareflex.com\/internet\/add_up3\/rishis_tomo_7.pdf\" target=\"_blank\" rel=\"noreferrer noopener\">Tomo VII<\/a><\/strong> &#8211; El Gran Demonio tiene l\u00edmites<\/li>\n<\/ul>\n\n\n\n<hr class=\"wp-block-separator has-css-opacity\"\/>\n\n\n\n<h4 class=\"wp-block-heading\"><strong>La Gran Restauraci\u00f3n<\/strong><\/h4>\n\n\n\n<h5 class=\"wp-block-heading\">Maestros ascendidos, sendero del alma<\/h5>\n\n\n\n<ul class=\"wp-block-list\">\n<li><strong><a href=\"https:\/\/planetareflex.com\/internet\/code_lesson\/rtomo_1.pdf\" target=\"_blank\" rel=\"noreferrer noopener\">Casa Primera<\/a><\/strong>, el inicio del camino. Maestro Chidananda<br>&#8211;<\/li>\n\n\n\n<li><strong><a href=\"https:\/\/planetareflex.com\/internet\/code_lesson\/rtomo_2.pdf\" target=\"_blank\" rel=\"noreferrer noopener\">Casa Segunda<\/a><\/strong>, un nuevo ser. Maestro Milarepa<br>&#8211;<\/li>\n\n\n\n<li><strong><a href=\"https:\/\/planetareflex.com\/internet\/code_lesson\/rtomo_3.pdf\" target=\"_blank\" rel=\"noreferrer noopener\">Casa Tercera<\/a><\/strong>, la llamada del alma. Maestro Maharshi<br>&#8211;<\/li>\n\n\n\n<li><strong><a href=\"https:\/\/planetareflex.com\/internet\/code_lesson\/rtomo_4.pdf\" target=\"_blank\" rel=\"noreferrer noopener\">Casa Cuarta<\/a><\/strong>, del pantano a la luz del padre. Maestro Sivananda<br>&#8211;<\/li>\n\n\n\n<li><a href=\"https:\/\/planetareflex.com\/internet\/code_lesson\/rtomo_5.pdf\" target=\"_blank\" rel=\"noreferrer noopener\"><strong>Casa Quinta<\/strong><\/a>, estado de conciencia. Maestro Aurobindo<br>&#8211;<\/li>\n\n\n\n<li><strong><a href=\"https:\/\/planetareflex.com\/internet\/code_lesson\/rtomo_6.pdf\" target=\"_blank\" rel=\"noreferrer noopener\">Casa Sexta<\/a><\/strong>, el amor divino. Maestro Ramakrishna<br>&#8211;<\/li>\n\n\n\n<li><strong><a href=\"https:\/\/planetareflex.com\/internet\/code_lesson\/rtomo_7.pdf\" target=\"_blank\" rel=\"noreferrer noopener\">Casa S\u00e9ptima<\/a><\/strong>, la casa del t\u00e9. Maestra Hayd\u00e9e<br>&#8211;<\/li>\n\n\n\n<li><strong><a href=\"https:\/\/planetareflex.com\/internet\/code_lesson\/rtomo_8.pdf\" target=\"_blank\" rel=\"noreferrer noopener\">Casa Octava<\/a><\/strong>, cinco envoltorios del ser. Maestro Sankaracharya<br>&#8211;<\/li>\n\n\n\n<li><strong><a href=\"https:\/\/planetareflex.com\/internet\/code_lesson\/rtomo_9.pdf\" target=\"_blank\" rel=\"noreferrer noopener\">Casa Novena<\/a><\/strong>, la playa del faro. Maestro Yogananda.<br>&#8211;<\/li>\n\n\n\n<li><strong><a href=\"https:\/\/planetareflex.com\/internet\/code_lesson\/rtomo_10.pdf\" target=\"_blank\" rel=\"noreferrer noopener\">Casa D\u00e9cima<\/a><\/strong>, el poder del deseo. Maestro Lahiri Mahasaya<br>&#8211;<\/li>\n\n\n\n<li><strong><a href=\"https:\/\/planetareflex.com\/internet\/code_lesson\/rtomo_11.pdf\" target=\"_blank\" rel=\"noreferrer noopener\">Casa Decimoprimera<\/a><\/strong>, los rostros del infierno. Maestro Vivekananda<br>&#8211;<\/li>\n\n\n\n<li><strong><a href=\"https:\/\/planetareflex.com\/internet\/code_lesson\/rtomo_12.pdf\" target=\"_blank\" rel=\"noreferrer noopener\">Casa Decimosegunda<\/a><\/strong>, la \u00faltima muerte. Maestro Yukteswar<\/li>\n<\/ul>\n\n\n\n<hr class=\"wp-block-separator has-css-opacity\"\/>\n\n\n\n<h4 class=\"wp-block-heading\">Las ense\u00f1anzas de los ascendidos<\/h4>\n\n\n\n<h5 class=\"wp-block-heading\">Para la Gran Restauraci\u00f3n, camino a cada d\u00eda del a\u00f1o<\/h5>\n\n\n\n<ul class=\"wp-block-list\">\n<li>Libro Solaris \u2013 <strong><a href=\"https:\/\/planetareflex.com\/internet\/code_lesson\/rtomo13_solaris.pdf\" target=\"_blank\" rel=\"noreferrer noopener\">[ PDF ]<\/a><\/strong><\/li>\n\n\n\n<li>Libro Sof\u00eda \u2013 <strong><a href=\"https:\/\/www.planetareflex.com\/internet\/code_lesson\/rtomo14_sofia.pdf\" target=\"_blank\" rel=\"noreferrer noopener\">[ PDF ]<\/a><\/strong><\/li>\n\n\n\n<li>Libro Los Maestros \u2013 <strong><a href=\"https:\/\/www.planetareflex.com\/internet\/code_lesson\/rtomo15_maestro.pdf\" target=\"_blank\" rel=\"noreferrer noopener\">[ PDF ]<\/a><\/strong><\/li>\n<\/ul>\n\n\n\n<hr class=\"wp-block-separator has-text-color has-pale-pink-color has-css-opacity has-pale-pink-background-color has-background\"\/>\n\n\n\n<h4 class=\"wp-block-heading\">El Submarino navega en la \u00faltima noche de la historia<\/h4>\n\n\n\n<p>El Gran Demonio, Demohumanos y conocimiento de la realidad entre mentiras reales <a href=\"https:\/\/www.planetareflex.com\/internet\/elsubmarinoviaja.pdf\" target=\"_blank\" rel=\"noreferrer noopener\">[link PDF]<\/a><\/p>\n\n\n\n<hr class=\"wp-block-separator has-text-color has-pale-pink-color has-css-opacity has-pale-pink-background-color has-background\"\/>\n\n\n\n<h2 class=\"wp-block-heading\">Esp\u00edritu excelente<\/h2>\n\n\n\n<h4 class=\"wp-block-heading\">Mensajes de motivaci\u00f3n y superaci\u00f3n<\/h4>\n\n\n\n<p>Videos descargables:<\/p>\n\n\n\n<ul class=\"wp-block-list\">\n<li>No entregues tu poder (<a href=\"https:\/\/1drv.ms\/v\/c\/2b3eb6be3560f83e\/ET74YDW-tj4ggCveIwAAAAABvzGU6uTSJlS58sVcPKuZAg?e=GgiXyQ\" target=\"_blank\" rel=\"noreferrer noopener\"><strong>video link<\/strong><\/a>)<\/li>\n\n\n\n<li>Esp\u00edritu excelente (<a href=\"https:\/\/1drv.ms\/v\/c\/2b3eb6be3560f83e\/ET74YDW-tj4ggCvbIwAAAAABZcwF0tbnjFsOY94nGB4WeQ?e=ppkbdh\" target=\"_blank\" rel=\"noreferrer noopener\"><strong>video link<\/strong><\/a>)<\/li>\n\n\n\n<li>Amor incondicional (<strong><a href=\"https:\/\/1drv.ms\/v\/c\/2b3eb6be3560f83e\/EXUXZuU9RytCh2oULjuKYegBLzYEfEw870wKa5LG3FP3hQ?e=EboWHo\" target=\"_blank\" rel=\"noreferrer noopener\">video link<\/a><\/strong>)<\/li>\n\n\n\n<li>Sigue Creciendo (<a href=\"https:\/\/1drv.ms\/v\/c\/2b3eb6be3560f83e\/ET74YDW-tj4ggCvcIwAAAAABbCRRvVVAHt7jKzzOMgv0ZQ?e=KJih1g\" target=\"_blank\" rel=\"noreferrer noopener\"><strong>video link<\/strong><\/a>) <\/li>\n\n\n\n<li>No te conformes (<strong><a href=\"https:\/\/1drv.ms\/v\/c\/2b3eb6be3560f83e\/ET74YDW-tj4ggCvfIwAAAAABV4cQXl5RU4AkSyrSbMpPuw?e=e4cptG\" target=\"_blank\" rel=\"noreferrer noopener\">video link<\/a><\/strong>) <\/li>\n\n\n\n<li>Programa tu mente (<strong><a href=\"https:\/\/1drv.ms\/v\/c\/2b3eb6be3560f83e\/ET74YDW-tj4ggCvdIwAAAAABWOxk2HFMBARTOG485rcUqQ?e=9rnDNi\" target=\"_blank\" rel=\"noreferrer noopener\">video link<\/a><\/strong>)<\/li>\n<\/ul>\n\n\n\n<figure class=\"wp-block-image size-full\"><img loading=\"lazy\" decoding=\"async\" width=\"1024\" height=\"1792\" src=\"https:\/\/planetareflex.com\/maestros\/wp-content\/uploads\/2025\/10\/espiritualidad.jpeg\" alt=\"maestros y ascendidos\" class=\"wp-image-87\" srcset=\"https:\/\/planetareflex.com\/maestros\/wp-content\/uploads\/2025\/10\/espiritualidad.jpeg 1024w, https:\/\/planetareflex.com\/maestros\/wp-content\/uploads\/2025\/10\/espiritualidad-171x300.jpeg 171w, https:\/\/planetareflex.com\/maestros\/wp-content\/uploads\/2025\/10\/espiritualidad-585x1024.jpeg 585w, https:\/\/planetareflex.com\/maestros\/wp-content\/uploads\/2025\/10\/espiritualidad-768x1344.jpeg 768w, https:\/\/planetareflex.com\/maestros\/wp-content\/uploads\/2025\/10\/espiritualidad-878x1536.jpeg 878w\" sizes=\"auto, (max-width: 1024px) 100vw, 1024px\" \/><\/figure>\n\n\n\n<hr class=\"wp-block-separator has-alpha-channel-opacity\"\/>\n\n\n\n<p>Un breve comentario a cerca de: <strong> <a href=\"https:\/\/planetareflex.com\/maestros\/2025\/09\/los-rishis\/\">Los Rishis &#8211; maestros ascendidos<\/a><\/strong><\/p>\n\n\n\n<p><\/p>\n","protected":false},"excerpt":{"rendered":"<p>Conocimiento Espiritual M\u00e1s all\u00e1 del limitado mundo al que los hombres llaman realidad, hay infinitos mundos insospechados creados por El Padre. Algunos de esos mundos<\/p>\n","protected":false},"author":1,"featured_media":7,"parent":0,"menu_order":0,"comment_status":"closed","ping_status":"open","template":"","meta":{"footnotes":""},"class_list":["post-2","page","type-page","status-publish","has-post-thumbnail","hentry"],"_links":{"self":[{"href":"https:\/\/planetareflex.com\/maestros\/wp-json\/wp\/v2\/pages\/2","targetHints":{"allow":["GET"]}}],"collection":[{"href":"https:\/\/planetareflex.com\/maestros\/wp-json\/wp\/v2\/pages"}],"about":[{"href":"https:\/\/planetareflex.com\/maestros\/wp-json\/wp\/v2\/types\/page"}],"author":[{"embeddable":true,"href":"https:\/\/planetareflex.com\/maestros\/wp-json\/wp\/v2\/users\/1"}],"replies":[{"embeddable":true,"href":"https:\/\/planetareflex.com\/maestros\/wp-json\/wp\/v2\/comments?post=2"}],"version-history":[{"count":32,"href":"https:\/\/planetareflex.com\/maestros\/wp-json\/wp\/v2\/pages\/2\/revisions"}],"predecessor-version":[{"id":186,"href":"https:\/\/planetareflex.com\/maestros\/wp-json\/wp\/v2\/pages\/2\/revisions\/186"}],"wp:featuredmedia":[{"embeddable":true,"href":"https:\/\/planetareflex.com\/maestros\/wp-json\/wp\/v2\/media\/7"}],"wp:attachment":[{"href":"https:\/\/planetareflex.com\/maestros\/wp-json\/wp\/v2\/media?parent=2"}],"curies":[{"name":"wp","href":"https:\/\/api.w.org\/{rel}","templated":true}]}}