{"id":3,"date":"2025-09-23T06:09:25","date_gmt":"2025-09-23T06:09:25","guid":{"rendered":"https:\/\/planetareflex.com\/maestros\/?page_id=3"},"modified":"2026-01-04T06:36:37","modified_gmt":"2026-01-04T12:36:37","slug":"politica-privacidad","status":"publish","type":"page","link":"https:\/\/planetareflex.com\/maestros\/politica-privacidad\/","title":{"rendered":"importante"},"content":{"rendered":"\n<h2 class=\"wp-block-heading\">domina la imaginaci\u00f3n, conoce la realidad<\/h2>\n\n\n\n<h3 class=\"wp-block-heading\">textos y ense\u00f1anza, algo que muy pocas personas buscan, \u00fanicamente quienes intentan conocer para aprender<\/h3>\n\n\n\n<p>Reunimos documentos literarios y reflexiones inspiradas en maestros espirituales que para guiar a la humanidad hacia la <strong>armon\u00eda mental, intelectual, fraternal, laboral, familiar, personal<\/strong>. Lecturas que fortalezcan la meditaci\u00f3n de la conciencia y la actitud positiva, conociendo la realidad para dominar lo ilusorio, evocando ense\u00f1anzas de Rishis y Maestros Ascendidos como Yukteswar, Shidananda y Jesucristo, no desde la religi\u00f3n o concentraci\u00f3n mental de meditaci\u00f3n, solo con la sugerida lectura para su an\u00e1lisis, conocimiento y aprendizaje. <strong>Cada publicaci\u00f3n busca ser un puente hacia la serenidad interior y la claridad espiritual<\/strong>, compartiendo palabras que invitan a la contemplaci\u00f3n y al crecimiento personal.<\/p>\n\n\n\n<p><strong>No cualquier persona <\/strong>est\u00e1 preparada para conocer estos textos, mucho menos para entenderlos, o creerlos.<\/p>\n\n\n\n<h2 class=\"wp-block-heading\">contenido:<\/h2>\n\n\n\n<ul class=\"wp-block-list\">\n<li>Ense\u00f1anzas de los Rishis<\/li>\n\n\n\n<li><strong>Ense\u00f1anzas por el camino a la Gran Restauraci\u00f3n<\/strong><\/li>\n\n\n\n<li>Ense\u00f1anzas de los Maestros Ascendidos<\/li>\n\n\n\n<li>Puesta en escena del peregrinaje de algunos personajes<\/li>\n\n\n\n<li>El Submarino navega en la \u00faltima noche de la historia<\/li>\n\n\n\n<li>Los usurpadores: los falsos guardianes del Zodiaco<\/li>\n\n\n\n<li>La gestaci\u00f3n y la gu\u00eda de los 7 ni\u00f1os<\/li>\n<\/ul>\n\n\n\n<hr class=\"wp-block-separator has-alpha-channel-opacity\"\/>\n\n\n\n<p>si quer\u00e9is ponerte en contacto, <strong>cualquier dato es confidencial, privado y protegido<\/strong> por la codificaci\u00f3n de seguridad del servidor. \u00fanicamente nos ponemos en contacto contigo si es que lo solicitas. comentarios o participaci\u00f3n dentro de nuestro sitio, podr\u00eda ser visible mientras que no comprometa la privacidad ni las normas de conducta propias de una interactividad sana constructiva. podr\u00edamos recopilar los datos como identificar origen del n\u00famero de protocolo de internet o datos del navegador para prevenir abusos o fraudes.<\/p>\n\n\n\n<p>un comentario aprobado solo muestra la imagen de perfil del usuario y su nombre, algunos usuarios utilizan una imagen de perfil asociada a su correo electr\u00f3nico ligado a &#8220;GRAVATAR&#8221;, en cualquier caso solamente se mostrar\u00e1 la imagen de perfil del usuario y <strong>el correo electr\u00f3nico o informaci\u00f3n personal no se publicar\u00e1n<\/strong>. <\/p>\n\n\n\n<p><\/p>\n","protected":false},"excerpt":{"rendered":"<p>domina la imaginaci\u00f3n, conoce la realidad textos y ense\u00f1anza, algo que muy pocas personas buscan, \u00fanicamente quienes intentan conocer para aprender Reunimos documentos literarios y<\/p>\n","protected":false},"author":1,"featured_media":195,"parent":0,"menu_order":0,"comment_status":"open","ping_status":"open","template":"","meta":{"footnotes":""},"class_list":["post-3","page","type-page","status-publish","has-post-thumbnail","hentry"],"_links":{"self":[{"href":"https:\/\/planetareflex.com\/maestros\/wp-json\/wp\/v2\/pages\/3","targetHints":{"allow":["GET"]}}],"collection":[{"href":"https:\/\/planetareflex.com\/maestros\/wp-json\/wp\/v2\/pages"}],"about":[{"href":"https:\/\/planetareflex.com\/maestros\/wp-json\/wp\/v2\/types\/page"}],"author":[{"embeddable":true,"href":"https:\/\/planetareflex.com\/maestros\/wp-json\/wp\/v2\/users\/1"}],"replies":[{"embeddable":true,"href":"https:\/\/planetareflex.com\/maestros\/wp-json\/wp\/v2\/comments?post=3"}],"version-history":[{"count":3,"href":"https:\/\/planetareflex.com\/maestros\/wp-json\/wp\/v2\/pages\/3\/revisions"}],"predecessor-version":[{"id":199,"href":"https:\/\/planetareflex.com\/maestros\/wp-json\/wp\/v2\/pages\/3\/revisions\/199"}],"wp:featuredmedia":[{"embeddable":true,"href":"https:\/\/planetareflex.com\/maestros\/wp-json\/wp\/v2\/media\/195"}],"wp:attachment":[{"href":"https:\/\/planetareflex.com\/maestros\/wp-json\/wp\/v2\/media?parent=3"}],"curies":[{"name":"wp","href":"https:\/\/api.w.org\/{rel}","templated":true}]}}