{"id":409,"date":"2025-10-19T04:46:08","date_gmt":"2025-10-19T10:46:08","guid":{"rendered":"https:\/\/planetareflex.com\/postal\/?page_id=409"},"modified":"2025-12-11T21:30:59","modified_gmt":"2025-12-12T03:30:59","slug":"now-featured","status":"publish","type":"page","link":"https:\/\/planetareflex.com\/postal\/now-featured\/","title":{"rendered":"dibujos de corazones"},"content":{"rendered":"\n<h2 class=\"wp-block-heading\">emblemas, escudos, nombres personalizados, corazones de amor y romance<\/h2>\n\n\n\n<p>as\u00ed, un coraz\u00f3n brilla como n\u00facleo de pasi\u00f3n, delineado por luz y envuelto en p\u00e9talos ardientes. flores rojas y naranjas que consagran sentimientos y pensamientos. hojas de fuego que protegen el pulso del enamoramiento, corazones dispersos que hacen eco de una emoci\u00f3n que se multiplica. esta es la invocaci\u00f3n visual, una ceremonia de belleza intensa que transforma la decoraci\u00f3n en s\u00edmbolo. el dise\u00f1o se vuelve rito, y el sentimiento se inscribe como cap\u00edtulo luminoso.<\/p>\n\n\n\n<figure class=\"wp-block-image size-full\"><img loading=\"lazy\" decoding=\"async\" width=\"1024\" height=\"1024\" src=\"https:\/\/planetareflex.com\/postal\/wp-content\/uploads\/2025\/11\/Designer531.jpeg\" alt=\"red love heart\" class=\"wp-image-802\" srcset=\"https:\/\/planetareflex.com\/postal\/wp-content\/uploads\/2025\/11\/Designer531.jpeg 1024w, https:\/\/planetareflex.com\/postal\/wp-content\/uploads\/2025\/11\/Designer531-300x300.jpeg 300w, https:\/\/planetareflex.com\/postal\/wp-content\/uploads\/2025\/11\/Designer531-150x150.jpeg 150w, https:\/\/planetareflex.com\/postal\/wp-content\/uploads\/2025\/11\/Designer531-768x768.jpeg 768w\" sizes=\"auto, (max-width: 1024px) 100vw, 1024px\" \/><\/figure>\n\n\n\n<blockquote class=\"wp-block-quote is-layout-flow wp-block-quote-is-layout-flow\">\n<p>entre la elegancia y modernidad sutil, el rojo vivo que le da intensidad al sentimiento y pasi\u00f3n, la imaginaci\u00f3n que da vida a emociones que motivan e impulsan hacia la prosperidad<\/p>\n<\/blockquote>\n\n\n\n<p><\/p>\n","protected":false},"excerpt":{"rendered":"<p>emblemas, escudos, nombres personalizados, corazones de amor y romance as\u00ed, un coraz\u00f3n brilla como n\u00facleo de pasi\u00f3n, delineado por<\/p>\n","protected":false},"author":1,"featured_media":0,"parent":0,"menu_order":0,"comment_status":"closed","ping_status":"closed","template":"","meta":{"footnotes":""},"class_list":["post-409","page","type-page","status-publish","hentry"],"_links":{"self":[{"href":"https:\/\/planetareflex.com\/postal\/wp-json\/wp\/v2\/pages\/409","targetHints":{"allow":["GET"]}}],"collection":[{"href":"https:\/\/planetareflex.com\/postal\/wp-json\/wp\/v2\/pages"}],"about":[{"href":"https:\/\/planetareflex.com\/postal\/wp-json\/wp\/v2\/types\/page"}],"author":[{"embeddable":true,"href":"https:\/\/planetareflex.com\/postal\/wp-json\/wp\/v2\/users\/1"}],"replies":[{"embeddable":true,"href":"https:\/\/planetareflex.com\/postal\/wp-json\/wp\/v2\/comments?post=409"}],"version-history":[{"count":5,"href":"https:\/\/planetareflex.com\/postal\/wp-json\/wp\/v2\/pages\/409\/revisions"}],"predecessor-version":[{"id":844,"href":"https:\/\/planetareflex.com\/postal\/wp-json\/wp\/v2\/pages\/409\/revisions\/844"}],"wp:attachment":[{"href":"https:\/\/planetareflex.com\/postal\/wp-json\/wp\/v2\/media?parent=409"}],"curies":[{"name":"wp","href":"https:\/\/api.w.org\/{rel}","templated":true}]}}